{"id":19,"date":"2024-02-09T09:24:00","date_gmt":"2024-02-09T09:24:00","guid":{"rendered":"https:\/\/www.finglove.fi\/?page_id=19"},"modified":"2024-11-21T08:52:12","modified_gmt":"2024-11-21T08:52:12","slug":"tuotteet","status":"publish","type":"page","link":"https:\/\/www.finglove.fi\/index.php\/tuotteet\/","title":{"rendered":"Tuotteet"},"content":{"rendered":"\t\t<div data-elementor-type=\"wp-page\" data-elementor-id=\"19\" class=\"elementor elementor-19\">\n\t\t\t\t<div class=\"elementor-element elementor-element-deeb225 e-flex e-con-boxed e-con e-parent\" data-id=\"deeb225\" data-element_type=\"container\" data-e-type=\"container\" data-settings=\"{&quot;background_background&quot;:&quot;classic&quot;}\">\n\t\t\t\t\t<div class=\"e-con-inner\">\n\t\t<div class=\"elementor-element elementor-element-d29a6dd e-con-full e-flex elementor-invisible e-con e-child\" data-id=\"d29a6dd\" data-element_type=\"container\" data-e-type=\"container\" data-settings=\"{&quot;animation&quot;:&quot;fadeIn&quot;,&quot;animation_mobile&quot;:&quot;none&quot;}\">\n\t\t\t\t<div class=\"elementor-element elementor-element-79a638e elementor-widget elementor-widget-heading\" data-id=\"79a638e\" data-element_type=\"widget\" data-e-type=\"widget\" data-widget_type=\"heading.default\">\n\t\t\t\t<div class=\"elementor-widget-container\">\n\t\t\t\t\t<h2 class=\"elementor-heading-title elementor-size-default\">TUOTTEET<\/h2>\t\t\t\t<\/div>\n\t\t\t\t<\/div>\n\t\t\t\t<\/div>\n\t\t\t\t\t<\/div>\n\t\t\t\t<\/div>\n\t\t<div class=\"elementor-element elementor-element-38b7eda e-flex e-con-boxed e-con e-parent\" data-id=\"38b7eda\" data-element_type=\"container\" data-e-type=\"container\">\n\t\t\t\t\t<div class=\"e-con-inner\">\n\t\t<div class=\"elementor-element elementor-element-d53e795 e-con-full e-flex e-con e-child\" data-id=\"d53e795\" data-element_type=\"container\" data-e-type=\"container\">\n\t\t\t\t<div class=\"elementor-element elementor-element-e6bea33 eael-product-grid-column-3 eael-product-grid-column-tablet-3 eael-product-grid-column-mobile-2 elementor-widget elementor-widget-eicon-woocommerce\" data-id=\"e6bea33\" data-element_type=\"widget\" data-e-type=\"widget\" data-widget_type=\"eicon-woocommerce.default\">\n\t\t\t\t<div class=\"elementor-widget-container\">\n\t\t\t\t\t\n        <div class=\"eael-product-grid eael-product-simple masonry\" id=\"eael-product-grid\" data-widget-id=\"e6bea33\" data-page-id=\"19\" data-nonce=\"f968416f60\" >\n            <div class=\"woocommerce\">\n                <ul class=\"products eael-post-appender eael-post-appender-e6bea33\" data-ssi-desktop=\"no\" data-ssi-tablet=\"no\" data-ssi-mobile=\"no\" data-layout-mode=\"masonry\"> <li class=\"product \">\n<div class=\"eael-product-wrap\" data-src=\"\" data-src-hover=\"\">\n    <img fetchpriority=\"high\" decoding=\"async\" width=\"600\" height=\"600\" src=\"https:\/\/www.finglove.fi\/wp-content\/uploads\/2024\/11\/essu-600x600.jpg\" class=\"attachment-woocommerce_thumbnail size-woocommerce_thumbnail wvs-archive-product-image\" alt=\"Nahkaesiliina\" loading=\"eager\" srcset=\"https:\/\/www.finglove.fi\/wp-content\/uploads\/2024\/11\/essu-600x600.jpg 600w, https:\/\/www.finglove.fi\/wp-content\/uploads\/2024\/11\/essu-150x150.jpg 150w, https:\/\/www.finglove.fi\/wp-content\/uploads\/2024\/11\/essu-300x300.jpg 300w, https:\/\/www.finglove.fi\/wp-content\/uploads\/2024\/11\/essu-100x100.jpg 100w\" sizes=\"(max-width: 600px) 100vw, 600px\" \/><div class=\"eael-product-title\">\n    <a href=\"https:\/\/www.finglove.fi\/index.php\/tuote\/nahkaesiliina\/\" class=\"woocommerce-LoopProduct-link woocommerce-loop-product__link\"><h2 class=\"woocommerce-loop-product__title\">Nahkaesiliina<\/h2><\/a>\n    <\/div>    <a href=\"https:\/\/www.finglove.fi\/index.php\/tuote\/nahkaesiliina\/\" aria-describedby=\"woocommerce_loop_add_to_cart_link_describedby_99\" data-quantity=\"1\" class=\"button product_type_simple\" data-product_id=\"99\" data-product_sku=\"\" aria-label=\"Lue lis\u00e4\u00e4 &ldquo;Nahkaesiliina&rdquo; asiasta\" rel=\"nofollow\" data-success_message=\"\">Lue lis\u00e4\u00e4<\/a>\t<span id=\"woocommerce_loop_add_to_cart_link_describedby_99\" class=\"screen-reader-text\">\n\t\t\t<\/span>\n    \n<\/div>\n\n<\/li> <li class=\"product \">\n<div class=\"eael-product-wrap\" data-src=\"\" data-src-hover=\"\">\n    <img decoding=\"async\" width=\"600\" height=\"600\" src=\"https:\/\/www.finglove.fi\/wp-content\/uploads\/2024\/11\/talvi-600x600.jpg\" class=\"attachment-woocommerce_thumbnail size-woocommerce_thumbnail wvs-archive-product-image\" alt=\"Talvisormikas FG-10004\" loading=\"eager\" srcset=\"https:\/\/www.finglove.fi\/wp-content\/uploads\/2024\/11\/talvi-600x600.jpg 600w, https:\/\/www.finglove.fi\/wp-content\/uploads\/2024\/11\/talvi-150x150.jpg 150w, https:\/\/www.finglove.fi\/wp-content\/uploads\/2024\/11\/talvi-300x300.jpg 300w, https:\/\/www.finglove.fi\/wp-content\/uploads\/2024\/11\/talvi-100x100.jpg 100w\" sizes=\"(max-width: 600px) 100vw, 600px\" \/><div class=\"eael-product-title\">\n    <a href=\"https:\/\/www.finglove.fi\/index.php\/tuote\/talvisormikas-fg-10004\/\" class=\"woocommerce-LoopProduct-link woocommerce-loop-product__link\"><h2 class=\"woocommerce-loop-product__title\">Talvisormikas FG-10004<\/h2><\/a>\n    <\/div>    <a href=\"https:\/\/www.finglove.fi\/index.php\/tuote\/talvisormikas-fg-10004\/\" aria-describedby=\"woocommerce_loop_add_to_cart_link_describedby_98\" data-quantity=\"1\" class=\"button product_type_simple\" data-product_id=\"98\" data-product_sku=\"\" aria-label=\"Lue lis\u00e4\u00e4 &ldquo;Talvisormikas FG-10004&rdquo; asiasta\" rel=\"nofollow\" data-success_message=\"\">Lue lis\u00e4\u00e4<\/a>\t<span id=\"woocommerce_loop_add_to_cart_link_describedby_98\" class=\"screen-reader-text\">\n\t\t\t<\/span>\n    \n<\/div>\n\n<\/li> <li class=\"product \">\n<div class=\"eael-product-wrap\" data-src=\"\" data-src-hover=\"\">\n    <img decoding=\"async\" width=\"600\" height=\"600\" src=\"https:\/\/www.finglove.fi\/wp-content\/uploads\/2024\/11\/hitsari-kevlar-600x600.jpg\" class=\"attachment-woocommerce_thumbnail size-woocommerce_thumbnail wvs-archive-product-image\" alt=\"Hitsaushanska FG-6005\" loading=\"eager\" srcset=\"https:\/\/www.finglove.fi\/wp-content\/uploads\/2024\/11\/hitsari-kevlar-600x600.jpg 600w, https:\/\/www.finglove.fi\/wp-content\/uploads\/2024\/11\/hitsari-kevlar-150x150.jpg 150w, https:\/\/www.finglove.fi\/wp-content\/uploads\/2024\/11\/hitsari-kevlar-300x300.jpg 300w, https:\/\/www.finglove.fi\/wp-content\/uploads\/2024\/11\/hitsari-kevlar-100x100.jpg 100w\" sizes=\"(max-width: 600px) 100vw, 600px\" \/><div class=\"eael-product-title\">\n    <a href=\"https:\/\/www.finglove.fi\/index.php\/tuote\/hitsaushanska-fg-6005\/\" class=\"woocommerce-LoopProduct-link woocommerce-loop-product__link\"><h2 class=\"woocommerce-loop-product__title\">Hitsaushanska FG-6005<\/h2><\/a>\n    <\/div>    <a href=\"https:\/\/www.finglove.fi\/index.php\/tuote\/hitsaushanska-fg-6005\/\" aria-describedby=\"woocommerce_loop_add_to_cart_link_describedby_97\" data-quantity=\"1\" class=\"button product_type_simple\" data-product_id=\"97\" data-product_sku=\"\" aria-label=\"Lue lis\u00e4\u00e4 &ldquo;Hitsaushanska FG-6005&rdquo; asiasta\" rel=\"nofollow\" data-success_message=\"\">Lue lis\u00e4\u00e4<\/a>\t<span id=\"woocommerce_loop_add_to_cart_link_describedby_97\" class=\"screen-reader-text\">\n\t\t\t<\/span>\n    \n<\/div>\n\n<\/li> <li class=\"product \">\n<div class=\"eael-product-wrap\" data-src=\"\" data-src-hover=\"\">\n    <img decoding=\"async\" width=\"600\" height=\"600\" src=\"https:\/\/www.finglove.fi\/wp-content\/uploads\/2024\/11\/hitsari-600x600.jpg\" class=\"attachment-woocommerce_thumbnail size-woocommerce_thumbnail wvs-archive-product-image\" alt=\"Hitsaushanska FG-6002\" loading=\"eager\" srcset=\"https:\/\/www.finglove.fi\/wp-content\/uploads\/2024\/11\/hitsari-600x600.jpg 600w, https:\/\/www.finglove.fi\/wp-content\/uploads\/2024\/11\/hitsari-150x150.jpg 150w, https:\/\/www.finglove.fi\/wp-content\/uploads\/2024\/11\/hitsari-300x300.jpg 300w, https:\/\/www.finglove.fi\/wp-content\/uploads\/2024\/11\/hitsari-100x100.jpg 100w\" sizes=\"(max-width: 600px) 100vw, 600px\" \/><div class=\"eael-product-title\">\n    <a href=\"https:\/\/www.finglove.fi\/index.php\/tuote\/hitsaushanska-fg-6002\/\" class=\"woocommerce-LoopProduct-link woocommerce-loop-product__link\"><h2 class=\"woocommerce-loop-product__title\">Hitsaushanska FG-6002<\/h2><\/a>\n    <\/div>    <a href=\"https:\/\/www.finglove.fi\/index.php\/tuote\/hitsaushanska-fg-6002\/\" aria-describedby=\"woocommerce_loop_add_to_cart_link_describedby_96\" data-quantity=\"1\" class=\"button product_type_simple\" data-product_id=\"96\" data-product_sku=\"\" aria-label=\"Lue lis\u00e4\u00e4 &ldquo;Hitsaushanska FG-6002&rdquo; asiasta\" rel=\"nofollow\" data-success_message=\"\">Lue lis\u00e4\u00e4<\/a>\t<span id=\"woocommerce_loop_add_to_cart_link_describedby_96\" class=\"screen-reader-text\">\n\t\t\t<\/span>\n    \n<\/div>\n\n<\/li> <li class=\"product \">\n<div class=\"eael-product-wrap\" data-src=\"\" data-src-hover=\"\">\n    <img decoding=\"async\" width=\"600\" height=\"600\" src=\"https:\/\/www.finglove.fi\/wp-content\/uploads\/2024\/11\/viilto-paksumpi-600x600.jpg\" class=\"attachment-woocommerce_thumbnail size-woocommerce_thumbnail wvs-archive-product-image\" alt=\"Viiltosuojahanska Fin Cut 5\" loading=\"eager\" srcset=\"https:\/\/www.finglove.fi\/wp-content\/uploads\/2024\/11\/viilto-paksumpi-600x600.jpg 600w, https:\/\/www.finglove.fi\/wp-content\/uploads\/2024\/11\/viilto-paksumpi-150x150.jpg 150w, https:\/\/www.finglove.fi\/wp-content\/uploads\/2024\/11\/viilto-paksumpi-300x300.jpg 300w, https:\/\/www.finglove.fi\/wp-content\/uploads\/2024\/11\/viilto-paksumpi-100x100.jpg 100w\" sizes=\"(max-width: 600px) 100vw, 600px\" \/><div class=\"eael-product-title\">\n    <a href=\"https:\/\/www.finglove.fi\/index.php\/tuote\/viiltosuojahanska-fin-cut-5\/\" class=\"woocommerce-LoopProduct-link woocommerce-loop-product__link\"><h2 class=\"woocommerce-loop-product__title\">Viiltosuojahanska Fin Cut 5<\/h2><\/a>\n    <\/div>    <a href=\"https:\/\/www.finglove.fi\/index.php\/tuote\/viiltosuojahanska-fin-cut-5\/\" aria-describedby=\"woocommerce_loop_add_to_cart_link_describedby_95\" data-quantity=\"1\" class=\"button product_type_simple\" data-product_id=\"95\" data-product_sku=\"\" aria-label=\"Lue lis\u00e4\u00e4 &ldquo;Viiltosuojahanska Fin Cut 5&rdquo; asiasta\" rel=\"nofollow\" data-success_message=\"\">Lue lis\u00e4\u00e4<\/a>\t<span id=\"woocommerce_loop_add_to_cart_link_describedby_95\" class=\"screen-reader-text\">\n\t\t\t<\/span>\n    \n<\/div>\n\n<\/li> <li class=\"product \">\n<div class=\"eael-product-wrap\" data-src=\"\" data-src-hover=\"\">\n    <img decoding=\"async\" width=\"600\" height=\"600\" src=\"https:\/\/www.finglove.fi\/wp-content\/uploads\/2024\/11\/viilto-ohuempi-600x600.jpg\" class=\"attachment-woocommerce_thumbnail size-woocommerce_thumbnail wvs-archive-product-image\" alt=\"Viiltosuojahanska Fin Cut 3\" loading=\"eager\" srcset=\"https:\/\/www.finglove.fi\/wp-content\/uploads\/2024\/11\/viilto-ohuempi-600x600.jpg 600w, https:\/\/www.finglove.fi\/wp-content\/uploads\/2024\/11\/viilto-ohuempi-150x150.jpg 150w, https:\/\/www.finglove.fi\/wp-content\/uploads\/2024\/11\/viilto-ohuempi-300x300.jpg 300w, https:\/\/www.finglove.fi\/wp-content\/uploads\/2024\/11\/viilto-ohuempi-100x100.jpg 100w\" sizes=\"(max-width: 600px) 100vw, 600px\" \/><div class=\"eael-product-title\">\n    <a href=\"https:\/\/www.finglove.fi\/index.php\/tuote\/viiltosuojahanska-fin-cut-3\/\" class=\"woocommerce-LoopProduct-link woocommerce-loop-product__link\"><h2 class=\"woocommerce-loop-product__title\">Viiltosuojahanska Fin Cut 3<\/h2><\/a>\n    <\/div>    <a href=\"https:\/\/www.finglove.fi\/index.php\/tuote\/viiltosuojahanska-fin-cut-3\/\" aria-describedby=\"woocommerce_loop_add_to_cart_link_describedby_94\" data-quantity=\"1\" class=\"button product_type_simple\" data-product_id=\"94\" data-product_sku=\"\" aria-label=\"Lue lis\u00e4\u00e4 &ldquo;Viiltosuojahanska Fin Cut 3&rdquo; asiasta\" rel=\"nofollow\" data-success_message=\"\">Lue lis\u00e4\u00e4<\/a>\t<span id=\"woocommerce_loop_add_to_cart_link_describedby_94\" class=\"screen-reader-text\">\n\t\t\t<\/span>\n    \n<\/div>\n\n<\/li> <li class=\"product \">\n<div class=\"eael-product-wrap\" data-src=\"\" data-src-hover=\"\">\n    <img decoding=\"async\" width=\"600\" height=\"600\" src=\"https:\/\/www.finglove.fi\/wp-content\/uploads\/2024\/11\/asentaja-600x600.jpg\" class=\"attachment-woocommerce_thumbnail size-woocommerce_thumbnail wvs-archive-product-image\" alt=\"Asentajansormikas FG-2001\" loading=\"eager\" srcset=\"https:\/\/www.finglove.fi\/wp-content\/uploads\/2024\/11\/asentaja-600x600.jpg 600w, https:\/\/www.finglove.fi\/wp-content\/uploads\/2024\/11\/asentaja-150x150.jpg 150w, https:\/\/www.finglove.fi\/wp-content\/uploads\/2024\/11\/asentaja-300x300.jpg 300w, https:\/\/www.finglove.fi\/wp-content\/uploads\/2024\/11\/asentaja-100x100.jpg 100w\" sizes=\"(max-width: 600px) 100vw, 600px\" \/><div class=\"eael-product-title\">\n    <a href=\"https:\/\/www.finglove.fi\/index.php\/tuote\/asentajansormikas-fg-2001\/\" class=\"woocommerce-LoopProduct-link woocommerce-loop-product__link\"><h2 class=\"woocommerce-loop-product__title\">Asentajansormikas FG-2001<\/h2><\/a>\n    <\/div>    <a href=\"https:\/\/www.finglove.fi\/index.php\/tuote\/asentajansormikas-fg-2001\/\" aria-describedby=\"woocommerce_loop_add_to_cart_link_describedby_93\" data-quantity=\"1\" class=\"button product_type_simple\" data-product_id=\"93\" data-product_sku=\"\" aria-label=\"Lue lis\u00e4\u00e4 &ldquo;Asentajansormikas FG-2001&rdquo; asiasta\" rel=\"nofollow\" data-success_message=\"\">Lue lis\u00e4\u00e4<\/a>\t<span id=\"woocommerce_loop_add_to_cart_link_describedby_93\" class=\"screen-reader-text\">\n\t\t\t<\/span>\n    \n<\/div>\n\n<\/li><\/ul>            <\/div>\n        <\/div>\n\n        <script type=\"text\/javascript\">\n            jQuery(document).ready(function($) {\n                var $scope = jQuery(\".elementor-element-e6bea33\");\n                var $products = $('.products', $scope);\n                var $layout_mode = $products.data('layout-mode');\n                \n                if ( $layout_mode === 'masonry' ) {\n                    \/\/ init isotope\n                    var $isotope_products = $products.isotope({\n                        itemSelector: \"li.product\",\n                        layoutMode: $layout_mode,\n                        percentPosition: true\n                    });\n\n                    $isotope_products.imagesLoaded().progress( function() {\n                        $isotope_products.isotope('layout');\n                    })\n                    \n                }\n            });\n        <\/script>\n        \t\t\t\t<\/div>\n\t\t\t\t<\/div>\n\t\t\t\t<\/div>\n\t\t\t\t\t<\/div>\n\t\t\t\t<\/div>\n\t\t\t\t<\/div>\n\t\t","protected":false},"excerpt":{"rendered":"<p>TUOTTEET Nahkaesiliina Lue lis\u00e4\u00e4 Talvisormikas FG-10004 Lue lis\u00e4\u00e4 Hitsaushanska FG-6005 Lue lis\u00e4\u00e4 Hitsaushanska FG-6002 Lue lis\u00e4\u00e4 Viiltosuojahanska Fin Cut 5 Lue lis\u00e4\u00e4 Viiltosuojahanska Fin Cut 3 Lue lis\u00e4\u00e4 Asentajansormikas FG-2001 Lue lis\u00e4\u00e4<\/p>\n","protected":false},"author":1,"featured_media":0,"parent":0,"menu_order":0,"comment_status":"closed","ping_status":"closed","template":"elementor_header_footer","meta":{"footnotes":""},"class_list":["post-19","page","type-page","status-publish","hentry","entry","has-media","owp-thumbs-layout-horizontal","owp-btn-normal","owp-tabs-layout-horizontal"],"_links":{"self":[{"href":"https:\/\/www.finglove.fi\/index.php\/wp-json\/wp\/v2\/pages\/19","targetHints":{"allow":["GET"]}}],"collection":[{"href":"https:\/\/www.finglove.fi\/index.php\/wp-json\/wp\/v2\/pages"}],"about":[{"href":"https:\/\/www.finglove.fi\/index.php\/wp-json\/wp\/v2\/types\/page"}],"author":[{"embeddable":true,"href":"https:\/\/www.finglove.fi\/index.php\/wp-json\/wp\/v2\/users\/1"}],"replies":[{"embeddable":true,"href":"https:\/\/www.finglove.fi\/index.php\/wp-json\/wp\/v2\/comments?post=19"}],"version-history":[{"count":25,"href":"https:\/\/www.finglove.fi\/index.php\/wp-json\/wp\/v2\/pages\/19\/revisions"}],"predecessor-version":[{"id":174,"href":"https:\/\/www.finglove.fi\/index.php\/wp-json\/wp\/v2\/pages\/19\/revisions\/174"}],"wp:attachment":[{"href":"https:\/\/www.finglove.fi\/index.php\/wp-json\/wp\/v2\/media?parent=19"}],"curies":[{"name":"wp","href":"https:\/\/api.w.org\/{rel}","templated":true}]}}